{"id":226,"date":"2021-06-24T12:06:51","date_gmt":"2021-06-24T10:06:51","guid":{"rendered":"http:\/\/dev.cartour.es\/?page_id=226"},"modified":"2022-10-13T15:52:41","modified_gmt":"2022-10-13T13:52:41","slug":"politica-de-privacidad","status":"publish","type":"page","link":"https:\/\/cartour.es\/en\/politica-de-privacidad\/","title":{"rendered":"Privacy Statement"},"content":{"rendered":"<div data-elementor-type=\"wp-page\" data-elementor-id=\"226\" class=\"elementor elementor-226\" data-elementor-post-type=\"page\">\n\t\t\t\t\t\t<section class=\"elementor-section elementor-top-section elementor-element elementor-element-427787ea elementor-section-boxed elementor-section-height-default elementor-section-height-default\" data-id=\"427787ea\" data-element_type=\"section\" data-e-type=\"section\" data-settings=\"{&quot;background_background&quot;:&quot;classic&quot;}\">\n\t\t\t\t\t\t\t<div class=\"elementor-background-overlay\"><\/div>\n\t\t\t\t\t\t\t<div class=\"elementor-container elementor-column-gap-default\">\n\t\t\t\t\t<div class=\"elementor-column elementor-col-100 elementor-top-column elementor-element elementor-element-6d003746\" data-id=\"6d003746\" data-element_type=\"column\" data-e-type=\"column\">\n\t\t\t<div class=\"elementor-widget-wrap elementor-element-populated\">\n\t\t\t\t\t\t<div class=\"elementor-element elementor-element-625519a3 elementor-widget elementor-widget-heading\" data-id=\"625519a3\" data-element_type=\"widget\" data-e-type=\"widget\" data-widget_type=\"heading.default\">\n\t\t\t\t<div class=\"elementor-widget-container\">\n\t\t\t\t\t<h1 class=\"elementor-heading-title elementor-size-default\">Privacy Statement<\/h1>\t\t\t\t<\/div>\n\t\t\t\t<\/div>\n\t\t\t\t\t<\/div>\n\t\t<\/div>\n\t\t\t\t\t<\/div>\n\t\t<\/section>\n\t\t\t\t<section class=\"elementor-section elementor-top-section elementor-element elementor-element-3995c0ad elementor-section-boxed elementor-section-height-default elementor-section-height-default\" data-id=\"3995c0ad\" data-element_type=\"section\" data-e-type=\"section\">\n\t\t\t\t\t\t<div class=\"elementor-container elementor-column-gap-default\">\n\t\t\t\t\t<div class=\"elementor-column elementor-col-100 elementor-top-column elementor-element elementor-element-6d75fc5e\" data-id=\"6d75fc5e\" data-element_type=\"column\" data-e-type=\"column\" data-settings=\"{&quot;background_background&quot;:&quot;classic&quot;}\">\n\t\t\t<div class=\"elementor-widget-wrap elementor-element-populated\">\n\t\t\t\t\t\t<section class=\"elementor-section elementor-inner-section elementor-element elementor-element-74719221 elementor-section-boxed elementor-section-height-default elementor-section-height-default\" data-id=\"74719221\" data-element_type=\"section\" data-e-type=\"section\">\n\t\t\t\t\t\t<div class=\"elementor-container elementor-column-gap-default\">\n\t\t\t\t\t<div class=\"elementor-column elementor-col-100 elementor-inner-column elementor-element elementor-element-73db06cb\" data-id=\"73db06cb\" data-element_type=\"column\" data-e-type=\"column\">\n\t\t\t<div class=\"elementor-widget-wrap elementor-element-populated\">\n\t\t\t\t\t\t<div class=\"elementor-element elementor-element-6063db72 elementor-widget elementor-widget-text-editor\" data-id=\"6063db72\" data-element_type=\"widget\" data-e-type=\"widget\" data-widget_type=\"text-editor.default\">\n\t\t\t\t<div class=\"elementor-widget-container\">\n\t\t\t\t\t\t\t\t\t<p><strong>POL\u00cdTICA DE PRIVACIDAD <a href=\"https:\/\/cartour.es\/en\/\">CARTOUR<\/a> S.A.<\/strong><\/p><p><span style=\"font-size: 1rem;\">Est\u00e1 especialmente sensibilizado en la protecci\u00f3n de datos de car\u00e1cter personal de los Usuarios de los <a href=\"https:\/\/cartour.es\/en\/autocares-capacidad-47-55-plazas-espana\/\">servicios<\/a> del Sitio Web. Mediante la presente Pol\u00edtica de Privacidad (en adelante, la Pol\u00edtica) CARTOUR SA, informa a los USUARIOS de los sitios web: <\/span><a style=\"background-color: #ffffff; font-size: 1rem;\" href=\"https:\/\/cartour.es\/en\/es\/\">https:\/\/www.cartour.es\/<\/a><span style=\"font-size: 1rem;\">of the uses to which the personal data that is submitted. They are collected on the Website, so that they may decide, freely and voluntarily, if they wish to provide the requested information. CARTOUR S.A., reserves the right to modify this Policy to adapt it to the new legislation, jurisprudential criteria, industry practices, or interests of the entity. Any modification in the same will be announced with the due advance, so that it has perfect knowledge of its content. RESPONSABLE the person in charge of the treatment of personal data is; CARTOUR S.A., with registered office at: Calle de Rivas, 24, 28052, Madrid (Spain), WEB:<\/span><\/p><p><a href=\"https:\/\/cartour.es\/en\/es\/\">https:\/\/www.cartour.es\/<\/a> Tel\u00f3fono: (+34) 91 776 10 12 and E-mail: <a href=\"mailto:cartour@cartour.es\">cartour@cartour.es<\/a><\/p><p><strong>PURPOSE OF THE TREATMENT<\/strong><\/p><p>The purpose of collecting and processing personal data, through the e-mail address owned by CARTOUR SA, made available to Users, responds, depending on the case, to manage and respond to requests for information, questions or suggestions, to conduct statistical studies, or, for the delivery of publications or information of any services or activities, events or events provided, offered, sponsored and\/or sponsored (including the newsletter) by CARTOUR SA.<\/p><p><strong>CONSERVATION PERIOD<\/strong><\/p><p>The personal data provided will be kept for the corresponding period to comply with the legal obligations, or its deletion is requested by the interested party and this is entitled to do so.<\/p><p><strong>LEGITIMATION CARTOUR S.A.,<\/strong><\/p><p>Is entitled to the processing of personal data, based on the consent granted by the interested party for one or more specific purposes, as set out in Article 6.1. a) of the General Regulation of Protection of personal data.<\/p><p><strong>RECIPIENTS<\/strong><\/p><p>In order that the data in our files, computer and\/or paper, always correspond to reality, it will keep updated. So, for these purposes, the User must make the changes, directly, when this is enabled or communicating, by reliable means, to the area or department corresponding to CARTOUR S.A. The personal data collected through the e-mail property of the data controller will not be assigned or communicated to third parties, except in the cases necessary for the development, control and fulfillment of the purposes, in the cases provided for by Law as well as in specific cases, of which the User is expressly informed.<\/p><p><strong>RIGHTS OF THE USERS<\/strong><\/p><p>The person interested in the personal data, in any case may exercise the rights that assist him, in accordance with the RGPD, and that are:<\/p><ul><li>Right to request access to personal data concerning the interested party \u2022 Right to request rectification or deletion<\/li><li>Right to request limitation of your treatment<\/li><li>Right to oppose treatment<\/li><li>Right to data portability<\/li><\/ul><p>The interested party may exercise such rights by means of a request\u00a0accompanied by a photocopy of his \/ her ID card, and in which he or she will specify which of these requests is satisfied, sent to the address: CARTOUR SA, registered office for these purposes at Calle de Rivas, 24, 28052, Madrid Spain.<\/p><p><strong>SECURITY MEASURES<\/strong><\/p><p>The person responsible for the treatment (CARTOUR S.A.) will apply appropriate\u00a0technical and organizational measures to guarantee a level of security\u00a0appropriate to the risk thereof.<\/p>\t\t\t\t\t\t\t\t<\/div>\n\t\t\t\t<\/div>\n\t\t\t\t\t<\/div>\n\t\t<\/div>\n\t\t\t\t\t<\/div>\n\t\t<\/section>\n\t\t\t\t\t<\/div>\n\t\t<\/div>\n\t\t\t\t\t<\/div>\n\t\t<\/section>\n\t\t\t\t<\/div>","protected":false},"excerpt":{"rendered":"<p>Pol\u00edtica de Privacidad POL\u00cdTICA DE PRIVACIDAD CARTOUR S.A. Est\u00e1 especialmente sensibilizado en la protecci\u00f3n de datos de car\u00e1cter personal de los Usuarios de los servicios del Sitio Web. Mediante la presente Pol\u00edtica de Privacidad (en adelante, la Pol\u00edtica) CARTOUR SA, informa a los USUARIOS de los sitios web: https:\/\/www.cartour.es\/, de los usos a que se [&hellip;]<\/p>\n","protected":false},"author":1,"featured_media":0,"parent":0,"menu_order":50,"comment_status":"closed","ping_status":"closed","template":"","meta":{"_acf_changed":false,"footnotes":""},"class_list":["post-226","page","type-page","status-publish","hentry"],"acf":[],"_links":{"self":[{"href":"https:\/\/cartour.es\/en\/wp-json\/wp\/v2\/pages\/226","targetHints":{"allow":["GET"]}}],"collection":[{"href":"https:\/\/cartour.es\/en\/wp-json\/wp\/v2\/pages"}],"about":[{"href":"https:\/\/cartour.es\/en\/wp-json\/wp\/v2\/types\/page"}],"author":[{"embeddable":true,"href":"https:\/\/cartour.es\/en\/wp-json\/wp\/v2\/users\/1"}],"replies":[{"embeddable":true,"href":"https:\/\/cartour.es\/en\/wp-json\/wp\/v2\/comments?post=226"}],"version-history":[{"count":50,"href":"https:\/\/cartour.es\/en\/wp-json\/wp\/v2\/pages\/226\/revisions"}],"predecessor-version":[{"id":7721,"href":"https:\/\/cartour.es\/en\/wp-json\/wp\/v2\/pages\/226\/revisions\/7721"}],"wp:attachment":[{"href":"https:\/\/cartour.es\/en\/wp-json\/wp\/v2\/media?parent=226"}],"curies":[{"name":"wp","href":"https:\/\/api.w.org\/{rel}","templated":true}]}}