{"id":7050,"date":"2022-07-21T10:56:32","date_gmt":"2022-07-21T08:56:32","guid":{"rendered":"https:\/\/cartour.es\/?page_id=7050"},"modified":"2022-10-11T18:12:50","modified_gmt":"2022-10-11T16:12:50","slug":"blog-es","status":"publish","type":"page","link":"https:\/\/cartour.es\/en\/blog-es\/","title":{"rendered":"Blog"},"content":{"rendered":"<div data-elementor-type=\"wp-page\" data-elementor-id=\"7050\" class=\"elementor elementor-7050\" data-elementor-post-type=\"page\">\n\t\t\t\t\t\t<section class=\"elementor-section elementor-top-section elementor-element elementor-element-20ee1740 elementor-section-boxed elementor-section-height-default elementor-section-height-default\" data-id=\"20ee1740\" data-element_type=\"section\" data-e-type=\"section\" data-settings=\"{&quot;background_background&quot;:&quot;classic&quot;}\">\n\t\t\t\t\t\t\t<div class=\"elementor-background-overlay\"><\/div>\n\t\t\t\t\t\t\t<div class=\"elementor-container elementor-column-gap-default\">\n\t\t\t\t\t<div class=\"elementor-column elementor-col-100 elementor-top-column elementor-element elementor-element-412c0fad\" data-id=\"412c0fad\" data-element_type=\"column\" data-e-type=\"column\">\n\t\t\t<div class=\"elementor-widget-wrap elementor-element-populated\">\n\t\t\t\t\t\t<div class=\"elementor-element elementor-element-6c4e0ea0 elementor-widget elementor-widget-heading\" data-id=\"6c4e0ea0\" data-element_type=\"widget\" data-e-type=\"widget\" data-widget_type=\"heading.default\">\n\t\t\t\t<div class=\"elementor-widget-container\">\n\t\t\t\t\t<h1 class=\"elementor-heading-title elementor-size-default\">Blog<\/h1>\t\t\t\t<\/div>\n\t\t\t\t<\/div>\n\t\t\t\t\t<\/div>\n\t\t<\/div>\n\t\t\t\t\t<\/div>\n\t\t<\/section>\n\t\t\t\t<section class=\"elementor-section elementor-top-section elementor-element elementor-element-7916a084 elementor-section-boxed elementor-section-height-default elementor-section-height-default\" data-id=\"7916a084\" data-element_type=\"section\" data-e-type=\"section\">\n\t\t\t\t\t\t<div class=\"elementor-container elementor-column-gap-default\">\n\t\t\t\t\t<div class=\"elementor-column elementor-col-100 elementor-top-column elementor-element elementor-element-52f64803\" data-id=\"52f64803\" data-element_type=\"column\" data-e-type=\"column\" data-settings=\"{&quot;background_background&quot;:&quot;classic&quot;}\">\n\t\t\t<div class=\"elementor-widget-wrap elementor-element-populated\">\n\t\t\t\t\t\t<div class=\"elementor-element elementor-element-708ed6ce elementor-grid-3 elementor-grid-tablet-2 elementor-grid-mobile-1 elementor-posts--thumbnail-top elementor-card-shadow-yes elementor-posts__hover-gradient elementor-widget elementor-widget-posts\" data-id=\"708ed6ce\" data-element_type=\"widget\" data-e-type=\"widget\" data-settings=\"{&quot;pagination_type&quot;:&quot;numbers&quot;,&quot;cards_columns&quot;:&quot;3&quot;,&quot;cards_columns_tablet&quot;:&quot;2&quot;,&quot;cards_columns_mobile&quot;:&quot;1&quot;,&quot;cards_row_gap&quot;:{&quot;unit&quot;:&quot;px&quot;,&quot;size&quot;:35,&quot;sizes&quot;:[]},&quot;cards_row_gap_tablet&quot;:{&quot;unit&quot;:&quot;px&quot;,&quot;size&quot;:&quot;&quot;,&quot;sizes&quot;:[]},&quot;cards_row_gap_mobile&quot;:{&quot;unit&quot;:&quot;px&quot;,&quot;size&quot;:&quot;&quot;,&quot;sizes&quot;:[]}}\" data-widget_type=\"posts.cards\">\n\t\t\t\t<div class=\"elementor-widget-container\">\n\t\t\t\t\t\t\t<div class=\"elementor-posts-container elementor-posts elementor-posts--skin-cards elementor-grid\" role=\"list\">\n\t\t\t\t<article class=\"elementor-post elementor-grid-item post-1451 post type-post status-publish format-standard hentry category-autocar category-blog category-cartour tag-coach tag-cartour tag-mercedes tag-tourismo blog_language-spanish\" role=\"listitem\">\n\t\t\t<div class=\"elementor-post__card\">\n\t\t\t\t<div class=\"elementor-post__text\">\n\t\t\t\t<h3 class=\"elementor-post__title\">\n\t\t\t<a href=\"https:\/\/cartour.es\/en\/cartour-ha-recibido-su-nuevo-coche\/\" >\n\t\t\t\tCARTOUR HA RECIBIDO SU NUEVO COCHE\t\t\t<\/a>\n\t\t<\/h3>\n\t\t\t\t<div class=\"elementor-post__excerpt\">\n\t\t\t<p><a href=\"https:\/\/cartour.es\/en\/\">Cartour<\/a> acaba de recibir una de sus nuevas adquisiciones: Se trata de un coche de excelente calidad, muy grande y c\u00f3modo\u2026 simplemente incr\u00edble!!! Aqu\u00ed pod\u00e9is<\/p>\n\t\t<\/div>\n\t\t\n\t\t<a class=\"elementor-post__read-more\" href=\"https:\/\/cartour.es\/en\/cartour-ha-recibido-su-nuevo-coche\/\" aria-label=\"Read more about CARTOUR HA RECIBIDO SU NUEVO COCHE\" tabindex=\"-1\" >\n\t\t\tRead More \u00bb\t\t<\/a>\n\n\t\t\t\t<\/div>\n\t\t\t\t\t<\/div>\n\t\t<\/article>\n\t\t\t\t<article class=\"elementor-post elementor-grid-item post-1446 post type-post status-publish format-standard hentry category-blog category-cartour tag-cartour tag-conductor tag-europa blog_language-spanish\" role=\"listitem\">\n\t\t\t<div class=\"elementor-post__card\">\n\t\t\t\t<div class=\"elementor-post__text\">\n\t\t\t\t<h3 class=\"elementor-post__title\">\n\t\t\t<a href=\"https:\/\/cartour.es\/en\/un-conductor-de-cartour-elegido-mejor-conductor-2014-de-europa\/\" >\n\t\t\t\tUN CONDUCTOR DE CARTOUR ELEGIDO MEJOR CONDUCTOR 2014 DE EUROPA\t\t\t<\/a>\n\t\t<\/h3>\n\t\t\t\t<div class=\"elementor-post__excerpt\">\n\t\t\t<p>Abdel Serroukh, conductor de la empresa madrile\u00f1a Cartour, ha sido elegido mejor conductor 2014 de Europa de transporte tur\u00edstico por el touroperador japon\u00e9s JTB (Japan<\/p>\n\t\t<\/div>\n\t\t\n\t\t<a class=\"elementor-post__read-more\" href=\"https:\/\/cartour.es\/en\/un-conductor-de-cartour-elegido-mejor-conductor-2014-de-europa\/\" aria-label=\"Read more about UN CONDUCTOR DE CARTOUR ELEGIDO MEJOR CONDUCTOR 2014 DE EUROPA\" tabindex=\"-1\" >\n\t\t\tRead More \u00bb\t\t<\/a>\n\n\t\t\t\t<\/div>\n\t\t\t\t\t<\/div>\n\t\t<\/article>\n\t\t\t\t<article class=\"elementor-post elementor-grid-item post-1445 post type-post status-publish format-standard hentry category-blog category-cartour tag-cartour tag-contest-es tag-photography-es blog_language-spanish\" role=\"listitem\">\n\t\t\t<div class=\"elementor-post__card\">\n\t\t\t\t<div class=\"elementor-post__text\">\n\t\t\t\t<h3 class=\"elementor-post__title\">\n\t\t\t<a href=\"https:\/\/cartour.es\/en\/cartours-photography-contest\/\" >\n\t\t\t\tCONCURSO DE FOTOGRAFIA CARTOUR\t\t\t<\/a>\n\t\t<\/h3>\n\t\t\t\t<div class=\"elementor-post__excerpt\">\n\t\t\t<p>Este a\u00f1o Cartour, nuestro miembro espa\u00f1ol de GPN, ha hecho un concurso de fotograf\u00eda por vez primera ( \u00a1Y esperan que se convierta en una<\/p>\n\t\t<\/div>\n\t\t\n\t\t<a class=\"elementor-post__read-more\" href=\"https:\/\/cartour.es\/en\/cartours-photography-contest\/\" aria-label=\"Read more about CONCURSO DE FOTOGRAFIA CARTOUR\" tabindex=\"-1\" >\n\t\t\tRead More \u00bb\t\t<\/a>\n\n\t\t\t\t<\/div>\n\t\t\t\t\t<\/div>\n\t\t<\/article>\n\t\t\t\t<article class=\"elementor-post elementor-grid-item post-1449 post type-post status-publish format-standard hentry category-blog category-cartour tag-cartour blog_language-spanish\" role=\"listitem\">\n\t\t\t<div class=\"elementor-post__card\">\n\t\t\t\t<div class=\"elementor-post__text\">\n\t\t\t\t<h3 class=\"elementor-post__title\">\n\t\t\t<a href=\"https:\/\/cartour.es\/en\/cartour-celebra-su-tradicional-cena-de-navidad\/\" >\n\t\t\t\tCARTOUR CELEBRA SU TRADICIONAL CENA DE NAVIDAD.\t\t\t<\/a>\n\t\t<\/h3>\n\t\t\t\t<div class=\"elementor-post__excerpt\">\n\t\t\t<p>El mes pasado Cartour celebr\u00f3 su tradicional cena de Navidad. Se trata de una noche especial puesto que todos los empleados, excepto los que est\u00e1n<\/p>\n\t\t<\/div>\n\t\t\n\t\t<a class=\"elementor-post__read-more\" href=\"https:\/\/cartour.es\/en\/cartour-celebra-su-tradicional-cena-de-navidad\/\" aria-label=\"Read more about CARTOUR CELEBRA SU TRADICIONAL CENA DE NAVIDAD.\" tabindex=\"-1\" >\n\t\t\tRead More \u00bb\t\t<\/a>\n\n\t\t\t\t<\/div>\n\t\t\t\t\t<\/div>\n\t\t<\/article>\n\t\t\t\t<article class=\"elementor-post elementor-grid-item post-1450 post type-post status-publish format-video hentry category-blog category-cartour post_format-post-format-video blog_language-spanish\" role=\"listitem\">\n\t\t\t<div class=\"elementor-post__card\">\n\t\t\t\t<div class=\"elementor-post__text\">\n\t\t\t\t<h3 class=\"elementor-post__title\">\n\t\t\t<a href=\"https:\/\/cartour.es\/en\/autocares-y-autobuses-de-cartour\/\" >\n\t\t\t\tAUTOCARES Y AUTOBUSES DE CARTOUR\t\t\t<\/a>\n\t\t<\/h3>\n\t\t\t\t<div class=\"elementor-post__excerpt\">\n\t\t\t\t\t<\/div>\n\t\t\n\t\t<a class=\"elementor-post__read-more\" href=\"https:\/\/cartour.es\/en\/autocares-y-autobuses-de-cartour\/\" aria-label=\"Read more about AUTOCARES Y AUTOBUSES DE CARTOUR\" tabindex=\"-1\" >\n\t\t\tRead More \u00bb\t\t<\/a>\n\n\t\t\t\t<\/div>\n\t\t\t\t\t<\/div>\n\t\t<\/article>\n\t\t\t\t<article class=\"elementor-post elementor-grid-item post-1447 post type-post status-publish format-standard hentry category-blog category-cartour tag-autobus tag-coach tag-cartour tag-el-rocio tag-peregrinos blog_language-spanish\" role=\"listitem\">\n\t\t\t<div class=\"elementor-post__card\">\n\t\t\t\t<div class=\"elementor-post__text\">\n\t\t\t\t<h3 class=\"elementor-post__title\">\n\t\t\t<a href=\"https:\/\/cartour.es\/en\/cartour-supports-pilgrims-to-el-rocio-2\/\" >\n\t\t\t\tCARTOUR APOYA A LOS PEREGRINOS EN SU CAMINO AL ROCIO\t\t\t<\/a>\n\t\t<\/h3>\n\t\t\t\t<div class=\"elementor-post__excerpt\">\n\t\t\t<p>CARTOUR apoya, como cada a\u00f1o, a los peregrinos a El Roc\u00edo. M\u00e1s abajo, podr\u00e1 encontrar informaci\u00f3n sobre esta famosa y espectacular peregrinaci\u00f3n El a\u00f1o que<\/p>\n\t\t<\/div>\n\t\t\n\t\t<a class=\"elementor-post__read-more\" href=\"https:\/\/cartour.es\/en\/cartour-supports-pilgrims-to-el-rocio-2\/\" aria-label=\"Read more about CARTOUR APOYA A LOS PEREGRINOS EN SU CAMINO AL ROCIO\" tabindex=\"-1\" >\n\t\t\tRead More \u00bb\t\t<\/a>\n\n\t\t\t\t<\/div>\n\t\t\t\t\t<\/div>\n\t\t<\/article>\n\t\t\t\t<article class=\"elementor-post elementor-grid-item post-1448 post type-post status-publish format-standard hentry category-blog category-cartour tag-cartour tag-office-es blog_language-spanish\" role=\"listitem\">\n\t\t\t<div class=\"elementor-post__card\">\n\t\t\t\t<div class=\"elementor-post__text\">\n\t\t\t\t<h3 class=\"elementor-post__title\">\n\t\t\t<a href=\"https:\/\/cartour.es\/en\/cartour-inaugurates-new-office-building-in-madrid-2\/\" >\n\t\t\t\tCARTOUR INAGURA NUEVO EDIFICIO DE OFICINAS EN MADRID\t\t\t<\/a>\n\t\t<\/h3>\n\t\t\t\t<div class=\"elementor-post__excerpt\">\n\t\t\t<p>El viernes 23 de marzo, Cartour inaugur\u00f3 nuevo edificio de oficinas. El nuevo edificio consta de una planta de 400 metros cuadrados, incluyendo varias oficinas<\/p>\n\t\t<\/div>\n\t\t\n\t\t<a class=\"elementor-post__read-more\" href=\"https:\/\/cartour.es\/en\/cartour-inaugurates-new-office-building-in-madrid-2\/\" aria-label=\"Read more about CARTOUR INAGURA NUEVO EDIFICIO DE OFICINAS EN MADRID\" tabindex=\"-1\" >\n\t\t\tRead More \u00bb\t\t<\/a>\n\n\t\t\t\t<\/div>\n\t\t\t\t\t<\/div>\n\t\t<\/article>\n\t\t\t\t<article class=\"elementor-post elementor-grid-item post-122 post type-post status-publish format-standard hentry category-blog category-cartour tag-coach tag-cartour tag-irizar blog_language-spanish\" role=\"listitem\">\n\t\t\t<div class=\"elementor-post__card\">\n\t\t\t\t<div class=\"elementor-post__text\">\n\t\t\t\t<h3 class=\"elementor-post__title\">\n\t\t\t<a href=\"https:\/\/cartour.es\/en\/cartour-presented-their-new-5-vehicles\/\" >\n\t\t\t\tCartour present\u00f3 sus 5 nuevos coches.\t\t\t<\/a>\n\t\t<\/h3>\n\t\t\t\t<div class=\"elementor-post__excerpt\">\n\t\t\t<p>Cartour present\u00f3 sus nuevos 5 veh\u00edculos de reciente incorporaci\u00f3n a su flota, con importante presencia de nuestro socio de la Alianza Estrat\u00e9gica IRIZAR. Los veh\u00edculos<\/p>\n\t\t<\/div>\n\t\t\n\t\t<a class=\"elementor-post__read-more\" href=\"https:\/\/cartour.es\/en\/cartour-presented-their-new-5-vehicles\/\" aria-label=\"Read more about Cartour present\u00f3 sus 5 nuevos coches.\" tabindex=\"-1\" >\n\t\t\tRead More \u00bb\t\t<\/a>\n\n\t\t\t\t<\/div>\n\t\t\t\t\t<\/div>\n\t\t<\/article>\n\t\t\t\t<\/div>\n\t\t\n\t\t\t\t\t\t<\/div>\n\t\t\t\t<\/div>\n\t\t\t\t\t<\/div>\n\t\t<\/div>\n\t\t\t\t\t<\/div>\n\t\t<\/section>\n\t\t\t\t<section class=\"elementor-section elementor-top-section elementor-element elementor-element-46c4c4f elementor-section-boxed elementor-section-height-default elementor-section-height-default\" data-id=\"46c4c4f\" data-element_type=\"section\" data-e-type=\"section\" data-settings=\"{&quot;background_background&quot;:&quot;classic&quot;}\">\n\t\t\t\t\t\t\t<div class=\"elementor-background-overlay\"><\/div>\n\t\t\t\t\t\t\t<div class=\"elementor-container elementor-column-gap-default\">\n\t\t\t\t\t<div class=\"elementor-column elementor-col-50 elementor-top-column elementor-element elementor-element-76fd744\" data-id=\"76fd744\" data-element_type=\"column\" data-e-type=\"column\">\n\t\t\t<div class=\"elementor-widget-wrap elementor-element-populated\">\n\t\t\t\t\t\t<div class=\"elementor-element elementor-element-b2a441c elementor-widget elementor-widget-heading\" data-id=\"b2a441c\" data-element_type=\"widget\" data-e-type=\"widget\" data-widget_type=\"heading.default\">\n\t\t\t\t<div class=\"elementor-widget-container\">\n\t\t\t\t\t<h2 class=\"elementor-heading-title elementor-size-default\">Contact us <\/h2>\t\t\t\t<\/div>\n\t\t\t\t<\/div>\n\t\t\t\t<div class=\"elementor-element elementor-element-1979584 elementor-widget elementor-widget-text-editor\" data-id=\"1979584\" data-element_type=\"widget\" data-e-type=\"widget\" data-widget_type=\"text-editor.default\">\n\t\t\t\t<div class=\"elementor-widget-container\">\n\t\t\t\t\t\t\t\t\tContact us today for your no-obligation quotation.\t\t\t\t\t\t\t\t<\/div>\n\t\t\t\t<\/div>\n\t\t\t\t\t<\/div>\n\t\t<\/div>\n\t\t\t\t<div class=\"elementor-column elementor-col-50 elementor-top-column elementor-element elementor-element-49b4fcd\" data-id=\"49b4fcd\" data-element_type=\"column\" data-e-type=\"column\">\n\t\t\t<div class=\"elementor-widget-wrap elementor-element-populated\">\n\t\t\t\t\t\t<div class=\"elementor-element elementor-element-1157ec2 elementor-align-center elementor-mobile-align-center elementor-widget elementor-widget-button\" data-id=\"1157ec2\" data-element_type=\"widget\" data-e-type=\"widget\" data-widget_type=\"button.default\">\n\t\t\t\t<div class=\"elementor-widget-container\">\n\t\t\t\t\t\t\t\t\t<div class=\"elementor-button-wrapper\">\n\t\t\t\t\t<a class=\"elementor-button elementor-button-link elementor-size-lg\" href=\"\/en\/contacto\/\">\n\t\t\t\t\t\t<span class=\"elementor-button-content-wrapper\">\n\t\t\t\t\t\t\t\t\t<span class=\"elementor-button-text\">Enquire NOw<\/span>\n\t\t\t\t\t<\/span>\n\t\t\t\t\t<\/a>\n\t\t\t\t<\/div>\n\t\t\t\t\t\t\t\t<\/div>\n\t\t\t\t<\/div>\n\t\t\t\t\t<\/div>\n\t\t<\/div>\n\t\t\t\t\t<\/div>\n\t\t<\/section>\n\t\t\t\t<\/div>","protected":false},"excerpt":{"rendered":"<p>Contacta con nosotros Cont\u00e1ctenos hoy para su presupuesto sin compromiso. Contacte ahora<\/p>","protected":false},"author":1,"featured_media":0,"parent":0,"menu_order":5,"comment_status":"closed","ping_status":"closed","template":"","meta":{"_acf_changed":false,"footnotes":""},"class_list":["post-7050","page","type-page","status-publish","hentry"],"acf":[],"_links":{"self":[{"href":"https:\/\/cartour.es\/en\/wp-json\/wp\/v2\/pages\/7050","targetHints":{"allow":["GET"]}}],"collection":[{"href":"https:\/\/cartour.es\/en\/wp-json\/wp\/v2\/pages"}],"about":[{"href":"https:\/\/cartour.es\/en\/wp-json\/wp\/v2\/types\/page"}],"author":[{"embeddable":true,"href":"https:\/\/cartour.es\/en\/wp-json\/wp\/v2\/users\/1"}],"replies":[{"embeddable":true,"href":"https:\/\/cartour.es\/en\/wp-json\/wp\/v2\/comments?post=7050"}],"version-history":[{"count":19,"href":"https:\/\/cartour.es\/en\/wp-json\/wp\/v2\/pages\/7050\/revisions"}],"predecessor-version":[{"id":7651,"href":"https:\/\/cartour.es\/en\/wp-json\/wp\/v2\/pages\/7050\/revisions\/7651"}],"wp:attachment":[{"href":"https:\/\/cartour.es\/en\/wp-json\/wp\/v2\/media?parent=7050"}],"curies":[{"name":"wp","href":"https:\/\/api.w.org\/{rel}","templated":true}]}}